{"id":1437,"date":"2016-01-11T14:21:16","date_gmt":"2016-01-11T13:21:16","guid":{"rendered":"http:\/\/familienportraet.net\/?page_id=1437"},"modified":"2016-01-13T12:09:02","modified_gmt":"2016-01-13T11:09:02","slug":"impressum-2","status":"publish","type":"page","link":"http:\/\/familienportraet.net\/de\/impressum-2","title":{"rendered":"(Italiano) Impressum"},"content":{"rendered":"<p>[et_pb_section admin_label=&#8220;Sezione&#8220; fullwidth=&#8220;off&#8220; specialty=&#8220;off&#8220;][et_pb_row admin_label=&#8220;Riga&#8220; make_fullwidth=&#8220;on&#8220; use_custom_width=&#8220;off&#8220; width_unit=&#8220;on&#8220; use_custom_gutter=&#8220;off&#8220; gutter_width=&#8220;3&#8243; padding_mobile=&#8220;off&#8220; background_color=&#8220;#dfb7af&#8220; allow_player_pause=&#8220;off&#8220; parallax=&#8220;off&#8220; parallax_method=&#8220;off&#8220; make_equal=&#8220;on&#8220; parallax_1=&#8220;off&#8220; parallax_method_1=&#8220;off&#8220; background_color_1=&#8220;#cd9d73&#8243; parallax_2=&#8220;off&#8220; parallax_method_2=&#8220;off&#8220; background_color_2=&#8220;#dfb7af&#8220; padding_top_2=&#8220;20px&#8220; padding_right_2=&#8220;20px&#8220; padding_left_2=&#8220;20px&#8220; column_padding_mobile=&#8220;on&#8220;][et_pb_column type=&#8220;1_3&#8243;][et_pb_divider admin_label=&#8220;Modulo Separatore&#8220; color=&#8220;#ffffff&#8220; show_divider=&#8220;off&#8220; height=&#8220;70&#8243; divider_style=&#8220;solid&#8220; divider_position=&#8220;top&#8220; divider_weight=&#8220;1&#8243; hide_on_mobile=&#8220;on&#8220;]<\/p>\n<p>&nbsp;<\/p>\n<p>[\/et_pb_divider][\/et_pb_column][et_pb_column type=&#8220;2_3&#8243;][et_pb_text admin_label=&#8220;Testo&#8220; background_layout=&#8220;light&#8220; text_orientation=&#8220;left&#8220; text_font_size=&#8220;14&#8243; use_border_color=&#8220;off&#8220; border_color=&#8220;#ffffff&#8220; border_style=&#8220;solid&#8220;]<\/p>\n<p>&nbsp;<\/p>\n<p>[\/et_pb_text][\/et_pb_column][\/et_pb_row][\/et_pb_section][et_pb_section admin_label=&#8220;Sezione&#8220; fullwidth=&#8220;on&#8220; specialty=&#8220;off&#8220;][et_pb_fullwidth_portfolio admin_label=&#8220;Portfolio a Larghezza Piena&#8220; fullwidth=&#8220;on&#8220; include_categories=&#8220;4,40,5,33,7,38&#8243; posts_number=&#8220;0&#8243; show_title=&#8220;on&#8220; show_date=&#8220;off&#8220; background_layout=&#8220;light&#8220; auto=&#8220;on&#8220; auto_speed=&#8220;4000&#8243;]<\/p>\n<p>&nbsp;<\/p>\n<p>[\/et_pb_fullwidth_portfolio][\/et_pb_section][et_pb_section admin_label=&#8220;section&#8220;][et_pb_row admin_label=&#8220;Riga&#8220; make_fullwidth=&#8220;on&#8220; use_custom_width=&#8220;off&#8220; width_unit=&#8220;on&#8220; use_custom_gutter=&#8220;off&#8220; gutter_width=&#8220;3&#8243; padding_mobile=&#8220;off&#8220; allow_player_pause=&#8220;off&#8220; parallax=&#8220;off&#8220; parallax_method=&#8220;off&#8220; make_equal=&#8220;on&#8220; parallax_1=&#8220;off&#8220; parallax_method_1=&#8220;off&#8220; background_color_1=&#8220;#cd9d73&#8243; parallax_2=&#8220;off&#8220; parallax_method_2=&#8220;off&#8220; background_color_2=&#8220;#dfb7af&#8220; column_padding_mobile=&#8220;on&#8220; padding_top_2=&#8220;38px&#8220; padding_right_2=&#8220;10px&#8220; padding_bottom_2=&#8220;38px&#8220; padding_left_2=&#8220;10px&#8220;][et_pb_column type=&#8220;1_3&#8243;][et_pb_text admin_label=&#8220;Testo&#8220; background_layout=&#8220;light&#8220; text_orientation=&#8220;left&#8220; text_font_size=&#8220;14&#8243; use_border_color=&#8220;off&#8220; border_color=&#8220;#ffffff&#8220; border_style=&#8220;solid&#8220; custom_padding=&#8220;34px|||&#8220; custom_margin=&#8220;34px|20px|20px|20px&#8220;]<\/p>\n<h1>Impressum<\/h1>\n<p>[\/et_pb_text][et_pb_divider admin_label=&#8220;Modulo Separatore&#8220; color=&#8220;#ffffff&#8220; show_divider=&#8220;off&#8220; height=&#8220;50&#8243; divider_style=&#8220;solid&#8220; divider_position=&#8220;top&#8220; divider_weight=&#8220;1&#8243; hide_on_mobile=&#8220;on&#8220;]<\/p>\n<p>&nbsp;<\/p>\n<p>[\/et_pb_divider][et_pb_image admin_label=&#8220;Immagine&#8220; show_in_lightbox=&#8220;off&#8220; url_new_window=&#8220;off&#8220; animation=&#8220;off&#8220; sticky=&#8220;on&#8220; align=&#8220;center&#8220; force_fullwidth=&#8220;off&#8220; always_center_on_mobile=&#8220;on&#8220; use_border_color=&#8220;off&#8220; border_color=&#8220;#ffffff&#8220; border_style=&#8220;solid&#8220; src=&#8220;http:\/\/familienportraet.net\/wp-content\/uploads\/2015\/10\/leftbar_kontakt.png&#8220;]<\/p>\n<p>&nbsp;<\/p>\n<p>[\/et_pb_image][\/et_pb_column][et_pb_column type=&#8220;2_3&#8243;][et_pb_text admin_label=&#8220;Testo&#8220; background_layout=&#8220;light&#8220; text_orientation=&#8220;left&#8220; text_font_size=&#8220;14&#8243; text_text_color=&#8220;#1f1724&#8243; use_border_color=&#8220;off&#8220; border_color=&#8220;#ffffff&#8220; border_style=&#8220;solid&#8220; custom_margin=&#8220;20px|10px|74px|10px&#8220;]<\/p>\n<p>Diese Seite ist ein Angebot von der freischaffenden K\u00fcnstlerin Valentina Sartori Knaackstr. 45, 10435 Berlin. Mail:<a style=\"text-decoration: underline;\" href=\"mailto:info@familienportraet.net\">info@familienportraet.net<\/a><\/p>\n<p><strong>Disclaimer and Copygright<\/strong><\/p>\n<p>The layout of this site, graphics, pictures and scripts used are protected by copyright. We have no influence on the design and contents of third party internet web sites, therefore we expressly distance ourself from the material of all third party internet web sites, even if this web site links to these external sites.\u00a0Alle Daten, Bilder und Scripte sind urheberrechtlich gesch\u00fctzt und d\u00fcrfen nicht unerlaubt kopiert und weiterverwendet werden. Trotz sorgf\u00e4ltiger Kontrolle wird keine Haftung f\u00fcr die Inhalte externer Links \u00fcbernommen. F\u00fcr den Inhalt der verlinkten Seiten sind ausschlie\u00dflich deren Betreiber verantwortlich.<\/p>\n<p>[\/et_pb_text][\/et_pb_column][\/et_pb_row][\/et_pb_section]<\/p>\n","protected":false},"excerpt":{"rendered":"<p>[et_pb_section admin_label=&#8220;Sezione&#8220; fullwidth=&#8220;off&#8220; specialty=&#8220;off&#8220;][et_pb_row admin_label=&#8220;Riga&#8220; make_fullwidth=&#8220;on&#8220; use_custom_width=&#8220;off&#8220; width_unit=&#8220;on&#8220; use_custom_gutter=&#8220;off&#8220; gutter_width=&#8220;3&#8243; padding_mobile=&#8220;off&#8220; background_color=&#8220;#dfb7af&#8220; allow_player_pause=&#8220;off&#8220; parallax=&#8220;off&#8220; parallax_method=&#8220;off&#8220; make_equal=&#8220;on&#8220; parallax_1=&#8220;off&#8220; parallax_method_1=&#8220;off&#8220; background_color_1=&#8220;#cd9d73&#8243; parallax_2=&#8220;off&#8220; parallax_method_2=&#8220;off&#8220; background_color_2=&#8220;#dfb7af&#8220; padding_top_2=&#8220;20px&#8220; padding_right_2=&#8220;20px&#8220; padding_left_2=&#8220;20px&#8220; column_padding_mobile=&#8220;on&#8220;][et_pb_column type=&#8220;1_3&#8243;][et_pb_divider admin_label=&#8220;Modulo Separatore&#8220; color=&#8220;#ffffff&#8220; show_divider=&#8220;off&#8220; height=&#8220;70&#8243; divider_style=&#8220;solid&#8220; divider_position=&#8220;top&#8220; divider_weight=&#8220;1&#8243; hide_on_mobile=&#8220;on&#8220;] &nbsp; [\/et_pb_divider][\/et_pb_column][et_pb_column type=&#8220;2_3&#8243;][et_pb_text admin_label=&#8220;Testo&#8220; background_layout=&#8220;light&#8220; text_orientation=&#8220;left&#8220; text_font_size=&#8220;14&#8243; use_border_color=&#8220;off&#8220; border_color=&#8220;#ffffff&#8220; border_style=&#8220;solid&#8220;] &nbsp; [\/et_pb_text][\/et_pb_column][\/et_pb_row][\/et_pb_section][et_pb_section admin_label=&#8220;Sezione&#8220; fullwidth=&#8220;on&#8220; specialty=&#8220;off&#8220;][et_pb_fullwidth_portfolio admin_label=&#8220;Portfolio a Larghezza Piena&#8220; [&hellip;]<\/p>\n","protected":false},"author":1,"featured_media":0,"parent":0,"menu_order":0,"comment_status":"closed","ping_status":"closed","template":"","meta":[],"yoast_head":"<!-- This site is optimized with the Yoast SEO plugin v16.1.1 - https:\/\/yoast.com\/wordpress\/plugins\/seo\/ -->\n<title><\/title>\n<link rel=\"canonical\" href=\"http:\/\/familienportraet.net\/de\/impressum-2\" \/>\n<meta property=\"og:locale\" content=\"de_DE\" \/>\n<meta property=\"og:type\" content=\"article\" \/>\n<meta property=\"og:title\" content=\"[:it]Impressum[:] - familienportraet\" \/>\n<meta property=\"og:description\" content=\"[et_pb_section admin_label=&#8220;Sezione&#8220; fullwidth=&#8220;off&#8220; specialty=&#8220;off&#8220;][et_pb_row admin_label=&#8220;Riga&#8220; make_fullwidth=&#8220;on&#8220; use_custom_width=&#8220;off&#8220; width_unit=&#8220;on&#8220; use_custom_gutter=&#8220;off&#8220; gutter_width=&#8220;3&#8243; padding_mobile=&#8220;off&#8220; background_color=&#8220;#dfb7af&#8220; allow_player_pause=&#8220;off&#8220; parallax=&#8220;off&#8220; parallax_method=&#8220;off&#8220; make_equal=&#8220;on&#8220; parallax_1=&#8220;off&#8220; parallax_method_1=&#8220;off&#8220; background_color_1=&#8220;#cd9d73&#8243; parallax_2=&#8220;off&#8220; parallax_method_2=&#8220;off&#8220; background_color_2=&#8220;#dfb7af&#8220; padding_top_2=&#8220;20px&#8220; padding_right_2=&#8220;20px&#8220; padding_left_2=&#8220;20px&#8220; column_padding_mobile=&#8220;on&#8220;][et_pb_column type=&#8220;1_3&#8243;][et_pb_divider admin_label=&#8220;Modulo Separatore&#8220; color=&#8220;#ffffff&#8220; show_divider=&#8220;off&#8220; height=&#8220;70&#8243; divider_style=&#8220;solid&#8220; divider_position=&#8220;top&#8220; divider_weight=&#8220;1&#8243; hide_on_mobile=&#8220;on&#8220;] &nbsp; [\/et_pb_divider][\/et_pb_column][et_pb_column type=&#8220;2_3&#8243;][et_pb_text admin_label=&#8220;Testo&#8220; background_layout=&#8220;light&#8220; text_orientation=&#8220;left&#8220; text_font_size=&#8220;14&#8243; use_border_color=&#8220;off&#8220; border_color=&#8220;#ffffff&#8220; border_style=&#8220;solid&#8220;] &nbsp; [\/et_pb_text][\/et_pb_column][\/et_pb_row][\/et_pb_section][et_pb_section admin_label=&#8220;Sezione&#8220; fullwidth=&#8220;on&#8220; specialty=&#8220;off&#8220;][et_pb_fullwidth_portfolio admin_label=&#8220;Portfolio a Larghezza Piena&#8220; [&hellip;]\" \/>\n<meta property=\"og:url\" content=\"http:\/\/familienportraet.net\/de\/impressum-2\" \/>\n<meta property=\"og:site_name\" content=\"familienportraet\" \/>\n<meta property=\"article:modified_time\" content=\"2016-01-13T11:09:02+00:00\" \/>\n<meta name=\"twitter:card\" content=\"summary\" \/>\n<meta name=\"twitter:label1\" content=\"Gesch\u00e4tzte Lesezeit\">\n\t<meta name=\"twitter:data1\" content=\"3\u00a0Minuten\">\n<script type=\"application\/ld+json\" class=\"yoast-schema-graph\">{\"@context\":\"https:\/\/schema.org\",\"@graph\":[{\"@type\":\"WebSite\",\"@id\":\"http:\/\/familienportraet.net\/#website\",\"url\":\"http:\/\/familienportraet.net\/\",\"name\":\"familienportraet\",\"description\":\"\",\"potentialAction\":[{\"@type\":\"SearchAction\",\"target\":\"http:\/\/familienportraet.net\/?s={search_term_string}\",\"query-input\":\"required name=search_term_string\"}],\"inLanguage\":\"de\"},{\"@type\":\"WebPage\",\"@id\":\"http:\/\/familienportraet.net\/de\/impressum-2#webpage\",\"url\":\"http:\/\/familienportraet.net\/de\/impressum-2\",\"name\":\"[:it]Impressum[:] - familienportraet\",\"isPartOf\":{\"@id\":\"http:\/\/familienportraet.net\/#website\"},\"datePublished\":\"2016-01-11T13:21:16+00:00\",\"dateModified\":\"2016-01-13T11:09:02+00:00\",\"breadcrumb\":{\"@id\":\"http:\/\/familienportraet.net\/de\/impressum-2#breadcrumb\"},\"inLanguage\":\"de\",\"potentialAction\":[{\"@type\":\"ReadAction\",\"target\":[\"http:\/\/familienportraet.net\/de\/impressum-2\"]}]},{\"@type\":\"BreadcrumbList\",\"@id\":\"http:\/\/familienportraet.net\/de\/impressum-2#breadcrumb\",\"itemListElement\":[{\"@type\":\"ListItem\",\"position\":1,\"item\":{\"@type\":\"WebPage\",\"@id\":\"http:\/\/familienportraet.net\/\",\"url\":\"http:\/\/familienportraet.net\/\",\"name\":\"Home\"}},{\"@type\":\"ListItem\",\"position\":2,\"item\":{\"@type\":\"WebPage\",\"@id\":\"http:\/\/familienportraet.net\/de\/impressum-2\",\"url\":\"http:\/\/familienportraet.net\/de\/impressum-2\",\"name\":\"(Italiano) Impressum\"}}]}]}<\/script>\n<!-- \/ Yoast SEO plugin. -->","_links":{"self":[{"href":"http:\/\/familienportraet.net\/de\/wp-json\/wp\/v2\/pages\/1437"}],"collection":[{"href":"http:\/\/familienportraet.net\/de\/wp-json\/wp\/v2\/pages"}],"about":[{"href":"http:\/\/familienportraet.net\/de\/wp-json\/wp\/v2\/types\/page"}],"author":[{"embeddable":true,"href":"http:\/\/familienportraet.net\/de\/wp-json\/wp\/v2\/users\/1"}],"replies":[{"embeddable":true,"href":"http:\/\/familienportraet.net\/de\/wp-json\/wp\/v2\/comments?post=1437"}],"version-history":[{"count":5,"href":"http:\/\/familienportraet.net\/de\/wp-json\/wp\/v2\/pages\/1437\/revisions"}],"predecessor-version":[{"id":1574,"href":"http:\/\/familienportraet.net\/de\/wp-json\/wp\/v2\/pages\/1437\/revisions\/1574"}],"wp:attachment":[{"href":"http:\/\/familienportraet.net\/de\/wp-json\/wp\/v2\/media?parent=1437"}],"curies":[{"name":"wp","href":"https:\/\/api.w.org\/{rel}","templated":true}]}}