{"id":582,"date":"2015-11-05T14:56:20","date_gmt":"2015-11-05T13:56:20","guid":{"rendered":"http:\/\/familienportraet.net\/?page_id=582"},"modified":"2016-01-11T20:05:39","modified_gmt":"2016-01-11T19:05:39","slug":"das-projekt-2","status":"publish","type":"page","link":"http:\/\/familienportraet.net\/de\/das-projekt-2","title":{"rendered":"Das Projekt"},"content":{"rendered":"<p>[et_pb_section admin_label=&#8220;section&#8220; transparent_background=&#8220;off&#8220; background_color=&#8220;#cd9d73&#8243; allow_player_pause=&#8220;off&#8220; inner_shadow=&#8220;off&#8220; parallax=&#8220;off&#8220; parallax_method=&#8220;off&#8220; padding_mobile=&#8220;off&#8220; make_fullwidth=&#8220;off&#8220; use_custom_width=&#8220;off&#8220; width_unit=&#8220;on&#8220; make_equal=&#8220;off&#8220; use_custom_gutter=&#8220;off&#8220;][et_pb_row admin_label=&#8220;Riga&#8220; make_fullwidth=&#8220;on&#8220; use_custom_width=&#8220;off&#8220; width_unit=&#8220;on&#8220; use_custom_gutter=&#8220;off&#8220; padding_mobile=&#8220;off&#8220; background_color=&#8220;#dfb7af&#8220; allow_player_pause=&#8220;off&#8220; parallax=&#8220;off&#8220; parallax_method=&#8220;off&#8220; make_equal=&#8220;on&#8220; column_padding_mobile=&#8220;on&#8220; background_color_2=&#8220;#dfb7af&#8220; background_color_1=&#8220;#cd9d73&#8243; padding_top_2=&#8220;20px&#8220; padding_right_2=&#8220;20px&#8220; padding_left_2=&#8220;20px&#8220; custom_padding=&#8220;|0px&#8220; gutter_width=&#8220;3&#8243; parallax_1=&#8220;off&#8220; parallax_method_1=&#8220;off&#8220; parallax_2=&#8220;off&#8220; parallax_method_2=&#8220;off&#8220;][et_pb_column type=&#8220;1_3&#8243;][et_pb_divider admin_label=&#8220;Modulo Separatore&#8220; color=&#8220;#ffffff&#8220; show_divider=&#8220;off&#8220; height=&#8220;70&#8243; divider_style=&#8220;solid&#8220; divider_position=&#8220;top&#8220; hide_on_mobile=&#8220;on&#8220; divider_weight=&#8220;1&#8243;]<\/p>\n<p>&nbsp;<\/p>\n<p>[\/et_pb_divider][\/et_pb_column][et_pb_column type=&#8220;2_3&#8243;][et_pb_text admin_label=&#8220;Testo&#8220; background_layout=&#8220;light&#8220; text_orientation=&#8220;left&#8220; use_border_color=&#8220;off&#8220; border_color=&#8220;#ffffff&#8220; border_style=&#8220;solid&#8220; text_text_color=&#8220;#cd9d73&#8243; text_font_size=&#8220;14&#8243;] [\/et_pb_text][\/et_pb_column][\/et_pb_row][\/et_pb_section][et_pb_section admin_label=&#8220;Sezione&#8220; fullwidth=&#8220;on&#8220; specialty=&#8220;off&#8220; transparent_background=&#8220;off&#8220; allow_player_pause=&#8220;off&#8220; inner_shadow=&#8220;on&#8220; parallax=&#8220;off&#8220; parallax_method=&#8220;off&#8220; padding_mobile=&#8220;off&#8220; make_fullwidth=&#8220;off&#8220; use_custom_width=&#8220;off&#8220; width_unit=&#8220;on&#8220; make_equal=&#8220;off&#8220; use_custom_gutter=&#8220;off&#8220; gutter_width=&#8220;3&#8243;][et_pb_fullwidth_portfolio admin_label=&#8220;Portfolio a Larghezza Piena&#8220; fullwidth=&#8220;on&#8220; show_title=&#8220;on&#8220; show_date=&#8220;off&#8220; background_layout=&#8220;light&#8220; auto=&#8220;on&#8220; auto_speed=&#8220;4000&#8243; include_categories=&#8220;4,40,5,33,7,38&#8243; posts_number=&#8220;0&#8243;]<\/p>\n<p>&nbsp;<\/p>\n<p>[\/et_pb_fullwidth_portfolio][\/et_pb_section][et_pb_section admin_label=&#8220;Sezione&#8220; fullwidth=&#8220;off&#8220; specialty=&#8220;off&#8220;][et_pb_row admin_label=&#8220;Riga&#8220; make_fullwidth=&#8220;on&#8220; use_custom_width=&#8220;off&#8220; width_unit=&#8220;on&#8220; use_custom_gutter=&#8220;off&#8220; padding_mobile=&#8220;off&#8220; background_color=&#8220;#dfb7af&#8220; allow_player_pause=&#8220;off&#8220; parallax=&#8220;off&#8220; parallax_method=&#8220;off&#8220; make_equal=&#8220;on&#8220; column_padding_mobile=&#8220;on&#8220; background_color_2=&#8220;#dfb7af&#8220; background_color_1=&#8220;#cd9d73&#8243; padding_top_2=&#8220;60px&#8220; padding_right_2=&#8220;10px&#8220; padding_left_2=&#8220;10px&#8220; custom_padding=&#8220;|0px&#8220; gutter_width=&#8220;3&#8243; parallax_1=&#8220;off&#8220; parallax_method_1=&#8220;off&#8220; parallax_2=&#8220;off&#8220; parallax_method_2=&#8220;off&#8220; padding_bottom_2=&#8220;55px&#8220;][et_pb_column type=&#8220;1_3&#8243;][et_pb_text admin_label=&#8220;Testo&#8220; background_layout=&#8220;light&#8220; text_orientation=&#8220;left&#8220; use_border_color=&#8220;off&#8220; border_color=&#8220;#ffffff&#8220; border_style=&#8220;solid&#8220; background_color=&#8220;#cd9d73&#8243; custom_margin=&#8220;34px|20px|20px|20px&#8220; text_text_color=&#8220;#fff5c8&#8243; custom_padding=&#8220;34px|||&#8220; text_font_size=&#8220;14&#8243;]<\/p>\n<h1>Das Projekt<\/h1>\n<p>Die Gem\u00e4lde sind so verschieden wie es auch alle portr\u00e4tierten Menschen sind.<br \/>\nHier ein Versuch, sie in Kategorien einzuordnen.<br \/>\nAus Respekt vor der Privatsph\u00e4re der Portr\u00e4tierten werden die Familiennamen nur in Kurzform wiedergegeben. Einige selbstgeschriebene Texte der Teilnehmer begleiten die Bilder.<\/p>\n<p><strong>Gruppen-<\/strong><br \/>\nGr\u00f6\u00dfere Malaktionen mit eingeladenen G\u00e4sten, Workshops mit Erwachsenen und Kindern oder Auftragsarbeiten.<\/p>\n<p><strong>Familien-<\/strong><br \/>\nFamilienaufstellungen und Auftrags-Bilder, u.a. auch mit der Familie der K\u00fcnstlerin<\/p>\n<p><strong>Re-Bild<\/strong><br \/>\nLaufende Familienportr\u00e4ts gefl\u00fcchteter Menschen in Berlin<br \/>\nIm Re-Bild befinden sich Familien-, Gruppen- und Einzelportr\u00e4ts wieder.<\/p>\n<p><strong>Firmen<\/strong><br \/>\nHier werden mutige Unternehmen und ihre Mitarbeiter angesprochen<\/p>\n<p><strong>Self-<\/strong><br \/>\nZeigt eine knappe Auswahl an Selbstportr\u00e4ts der K\u00fcnstlerin die sie im Laufe ihrer Karriere realisiert hat. Die Langzeitproduktion von zeichnerischen Selbstdarstellungen wurde nur teilweise ver\u00f6ffentlicht.<\/p>\n<p>[\/et_pb_text][et_pb_divider admin_label=&#8220;Modulo Separatore&#8220; color=&#8220;#ffffff&#8220; show_divider=&#8220;off&#8220; height=&#8220;300&#8243; divider_style=&#8220;solid&#8220; divider_position=&#8220;top&#8220; hide_on_mobile=&#8220;on&#8220; divider_weight=&#8220;1&#8243;]<\/p>\n<p>&nbsp;<\/p>\n<p>[\/et_pb_divider][et_pb_image admin_label=&#8220;Immagine&#8220; src=&#8220;http:\/\/familienportraet.net\/wp-content\/uploads\/2015\/11\/leftbar_dasProjekt.png&#8220; show_in_lightbox=&#8220;off&#8220; url_new_window=&#8220;off&#8220; animation=&#8220;off&#8220; sticky=&#8220;on&#8220; align=&#8220;center&#8220; force_fullwidth=&#8220;off&#8220; always_center_on_mobile=&#8220;on&#8220; use_border_color=&#8220;off&#8220; border_color=&#8220;#ffffff&#8220; border_style=&#8220;solid&#8220;] [\/et_pb_image][\/et_pb_column][et_pb_column type=&#8220;2_3&#8243;][et_pb_portfolio admin_label=&#8220;Portfolio&#8220; fullwidth=&#8220;off&#8220; posts_number=&#8220;30&#8243; include_categories=&#8220;4,5,33,7,38&#8243; show_title=&#8220;on&#8220; show_categories=&#8220;off&#8220; show_pagination=&#8220;off&#8220; background_layout=&#8220;light&#8220; hover_overlay_color=&#8220;rgba(255,255,255,0.64)&#8220; title_font_size=&#8220;16&#8243; caption_font_size=&#8220;14&#8243; use_border_color=&#8220;off&#8220; border_color=&#8220;#ffffff&#8220; border_style=&#8220;solid&#8220;] [\/et_pb_portfolio][\/et_pb_column][\/et_pb_row][\/et_pb_section]<\/p>","protected":false},"excerpt":{"rendered":"<p>[et_pb_section admin_label=&#8220;section&#8220; transparent_background=&#8220;off&#8220; background_color=&#8220;#cd9d73&#8243; allow_player_pause=&#8220;off&#8220; inner_shadow=&#8220;off&#8220; parallax=&#8220;off&#8220; parallax_method=&#8220;off&#8220; padding_mobile=&#8220;off&#8220; make_fullwidth=&#8220;off&#8220; use_custom_width=&#8220;off&#8220; width_unit=&#8220;on&#8220; make_equal=&#8220;off&#8220; use_custom_gutter=&#8220;off&#8220;][et_pb_row admin_label=&#8220;Riga&#8220; make_fullwidth=&#8220;on&#8220; use_custom_width=&#8220;off&#8220; width_unit=&#8220;on&#8220; use_custom_gutter=&#8220;off&#8220; padding_mobile=&#8220;off&#8220; background_color=&#8220;#dfb7af&#8220; allow_player_pause=&#8220;off&#8220; parallax=&#8220;off&#8220; parallax_method=&#8220;off&#8220; make_equal=&#8220;on&#8220; column_padding_mobile=&#8220;on&#8220; background_color_2=&#8220;#dfb7af&#8220; background_color_1=&#8220;#cd9d73&#8243; padding_top_2=&#8220;20px&#8220; padding_right_2=&#8220;20px&#8220; padding_left_2=&#8220;20px&#8220; custom_padding=&#8220;|0px&#8220; gutter_width=&#8220;3&#8243; parallax_1=&#8220;off&#8220; parallax_method_1=&#8220;off&#8220; parallax_2=&#8220;off&#8220; parallax_method_2=&#8220;off&#8220;][et_pb_column type=&#8220;1_3&#8243;][et_pb_divider admin_label=&#8220;Modulo Separatore&#8220; color=&#8220;#ffffff&#8220; show_divider=&#8220;off&#8220; height=&#8220;70&#8243; divider_style=&#8220;solid&#8220; divider_position=&#8220;top&#8220; hide_on_mobile=&#8220;on&#8220; divider_weight=&#8220;1&#8243;] &nbsp; [\/et_pb_divider][\/et_pb_column][et_pb_column type=&#8220;2_3&#8243;][et_pb_text admin_label=&#8220;Testo&#8220; background_layout=&#8220;light&#8220; text_orientation=&#8220;left&#8220; use_border_color=&#8220;off&#8220; border_color=&#8220;#ffffff&#8220; [&hellip;]<\/p>\n","protected":false},"author":1,"featured_media":0,"parent":0,"menu_order":0,"comment_status":"closed","ping_status":"closed","template":"","meta":[],"yoast_head":"<!-- This site is optimized with the Yoast SEO plugin v16.1.1 - https:\/\/yoast.com\/wordpress\/plugins\/seo\/ -->\n<title>Das Projekt - familienportraet<\/title>\n<link rel=\"canonical\" href=\"http:\/\/familienportraet.net\/das-projekt-2\" \/>\n<meta property=\"og:locale\" content=\"de_DE\" \/>\n<meta property=\"og:type\" content=\"article\" \/>\n<meta property=\"og:title\" content=\"Das Projekt - familienportraet\" \/>\n<meta property=\"og:description\" content=\"[et_pb_section admin_label=&#8220;section&#8220; transparent_background=&#8220;off&#8220; background_color=&#8220;#cd9d73&#8243; allow_player_pause=&#8220;off&#8220; inner_shadow=&#8220;off&#8220; parallax=&#8220;off&#8220; parallax_method=&#8220;off&#8220; padding_mobile=&#8220;off&#8220; make_fullwidth=&#8220;off&#8220; use_custom_width=&#8220;off&#8220; width_unit=&#8220;on&#8220; make_equal=&#8220;off&#8220; use_custom_gutter=&#8220;off&#8220;][et_pb_row admin_label=&#8220;Riga&#8220; make_fullwidth=&#8220;on&#8220; use_custom_width=&#8220;off&#8220; width_unit=&#8220;on&#8220; use_custom_gutter=&#8220;off&#8220; padding_mobile=&#8220;off&#8220; background_color=&#8220;#dfb7af&#8220; allow_player_pause=&#8220;off&#8220; parallax=&#8220;off&#8220; parallax_method=&#8220;off&#8220; make_equal=&#8220;on&#8220; column_padding_mobile=&#8220;on&#8220; background_color_2=&#8220;#dfb7af&#8220; background_color_1=&#8220;#cd9d73&#8243; padding_top_2=&#8220;20px&#8220; padding_right_2=&#8220;20px&#8220; padding_left_2=&#8220;20px&#8220; custom_padding=&#8220;|0px&#8220; gutter_width=&#8220;3&#8243; parallax_1=&#8220;off&#8220; parallax_method_1=&#8220;off&#8220; parallax_2=&#8220;off&#8220; parallax_method_2=&#8220;off&#8220;][et_pb_column type=&#8220;1_3&#8243;][et_pb_divider admin_label=&#8220;Modulo Separatore&#8220; color=&#8220;#ffffff&#8220; show_divider=&#8220;off&#8220; height=&#8220;70&#8243; divider_style=&#8220;solid&#8220; divider_position=&#8220;top&#8220; hide_on_mobile=&#8220;on&#8220; divider_weight=&#8220;1&#8243;] &nbsp; [\/et_pb_divider][\/et_pb_column][et_pb_column type=&#8220;2_3&#8243;][et_pb_text admin_label=&#8220;Testo&#8220; background_layout=&#8220;light&#8220; text_orientation=&#8220;left&#8220; use_border_color=&#8220;off&#8220; border_color=&#8220;#ffffff&#8220; [&hellip;]\" \/>\n<meta property=\"og:url\" content=\"http:\/\/familienportraet.net\/das-projekt-2\" \/>\n<meta property=\"og:site_name\" content=\"familienportraet\" \/>\n<meta property=\"article:modified_time\" content=\"2016-01-11T19:05:39+00:00\" \/>\n<meta name=\"twitter:card\" content=\"summary\" \/>\n<meta name=\"twitter:label1\" content=\"Gesch\u00e4tzte Lesezeit\">\n\t<meta name=\"twitter:data1\" content=\"13\u00a0Minuten\">\n<script type=\"application\/ld+json\" class=\"yoast-schema-graph\">{\"@context\":\"https:\/\/schema.org\",\"@graph\":[{\"@type\":\"WebSite\",\"@id\":\"http:\/\/familienportraet.net\/#website\",\"url\":\"http:\/\/familienportraet.net\/\",\"name\":\"familienportraet\",\"description\":\"\",\"potentialAction\":[{\"@type\":\"SearchAction\",\"target\":\"http:\/\/familienportraet.net\/?s={search_term_string}\",\"query-input\":\"required name=search_term_string\"}],\"inLanguage\":\"de\"},{\"@type\":\"WebPage\",\"@id\":\"http:\/\/familienportraet.net\/das-projekt-2#webpage\",\"url\":\"http:\/\/familienportraet.net\/das-projekt-2\",\"name\":\"Das Projekt - familienportraet\",\"isPartOf\":{\"@id\":\"http:\/\/familienportraet.net\/#website\"},\"datePublished\":\"2015-11-05T13:56:20+00:00\",\"dateModified\":\"2016-01-11T19:05:39+00:00\",\"breadcrumb\":{\"@id\":\"http:\/\/familienportraet.net\/das-projekt-2#breadcrumb\"},\"inLanguage\":\"de\",\"potentialAction\":[{\"@type\":\"ReadAction\",\"target\":[\"http:\/\/familienportraet.net\/das-projekt-2\"]}]},{\"@type\":\"BreadcrumbList\",\"@id\":\"http:\/\/familienportraet.net\/das-projekt-2#breadcrumb\",\"itemListElement\":[{\"@type\":\"ListItem\",\"position\":1,\"item\":{\"@type\":\"WebPage\",\"@id\":\"http:\/\/familienportraet.net\/\",\"url\":\"http:\/\/familienportraet.net\/\",\"name\":\"Home\"}},{\"@type\":\"ListItem\",\"position\":2,\"item\":{\"@type\":\"WebPage\",\"@id\":\"http:\/\/familienportraet.net\/das-projekt-2\",\"url\":\"http:\/\/familienportraet.net\/das-projekt-2\",\"name\":\"Das Projekt\"}}]}]}<\/script>\n<!-- \/ Yoast SEO plugin. -->","_links":{"self":[{"href":"http:\/\/familienportraet.net\/de\/wp-json\/wp\/v2\/pages\/582"}],"collection":[{"href":"http:\/\/familienportraet.net\/de\/wp-json\/wp\/v2\/pages"}],"about":[{"href":"http:\/\/familienportraet.net\/de\/wp-json\/wp\/v2\/types\/page"}],"author":[{"embeddable":true,"href":"http:\/\/familienportraet.net\/de\/wp-json\/wp\/v2\/users\/1"}],"replies":[{"embeddable":true,"href":"http:\/\/familienportraet.net\/de\/wp-json\/wp\/v2\/comments?post=582"}],"version-history":[{"count":39,"href":"http:\/\/familienportraet.net\/de\/wp-json\/wp\/v2\/pages\/582\/revisions"}],"predecessor-version":[{"id":1569,"href":"http:\/\/familienportraet.net\/de\/wp-json\/wp\/v2\/pages\/582\/revisions\/1569"}],"wp:attachment":[{"href":"http:\/\/familienportraet.net\/de\/wp-json\/wp\/v2\/media?parent=582"}],"curies":[{"name":"wp","href":"https:\/\/api.w.org\/{rel}","templated":true}]}}